{"id":1789,"date":"2026-04-16T20:23:26","date_gmt":"2026-04-16T20:23:26","guid":{"rendered":"https:\/\/ikawoman-hurt.pl\/?post_type=product&#038;p=1789"},"modified":"2026-04-16T20:33:43","modified_gmt":"2026-04-16T20:33:43","slug":"sukienka-ulla","status":"publish","type":"product","link":"https:\/\/ikawoman-hurt.pl\/?product=sukienka-ulla","title":{"rendered":"Sukienka ULLA"},"content":{"rendered":"<p style=\"text-align: center;\"><strong>SUKIENKA ULLA<\/strong><\/p>\n<p style=\"text-align: center;\">&#8211; d\u0142uga sukienka, do po\u0142owy \u0142ydki<br \/>\n&#8211; dekolt w &#8220;V&#8221;, z stojk\u0105<br \/>\n&#8211; od pasa rozszerzaj\u0105ca si\u0119 ku do\u0142owi<\/p>\n<p>&nbsp;<\/p>\n<p style=\"text-align: center;\"><strong>SK\u0141AD:<\/strong><br \/>\n87% Wiskoza<br \/>\n13% Len<\/p>\n","protected":false},"excerpt":{"rendered":"<p>SUKIENKA ULLA &#8211; d\u0142uga sukienka, do po\u0142owy \u0142ydki &#8211; dekolt w &#8220;V&#8221;, z stojk\u0105 &#8211; od pasa rozszerzaj\u0105ca si\u0119 ku do\u0142owi &nbsp; SK\u0141AD: 87% Wiskoza 13% Len<\/p>\n","protected":false},"featured_media":1790,"template":"","meta":[],"product_brand":[],"product_cat":[56,48],"product_tag":[],"class_list":{"0":"post-1789","1":"product","2":"type-product","3":"status-publish","4":"has-post-thumbnail","6":"product_cat-sukienki","7":"product_cat-wszystkie-produkty","9":"first","10":"instock","11":"shipping-taxable","12":"purchasable","13":"product-type-variable","14":"has-default-attributes"},"_links":{"self":[{"href":"https:\/\/ikawoman-hurt.pl\/index.php?rest_route=\/wp\/v2\/product\/1789","targetHints":{"allow":["GET"]}}],"collection":[{"href":"https:\/\/ikawoman-hurt.pl\/index.php?rest_route=\/wp\/v2\/product"}],"about":[{"href":"https:\/\/ikawoman-hurt.pl\/index.php?rest_route=\/wp\/v2\/types\/product"}],"wp:featuredmedia":[{"embeddable":true,"href":"https:\/\/ikawoman-hurt.pl\/index.php?rest_route=\/wp\/v2\/media\/1790"}],"wp:attachment":[{"href":"https:\/\/ikawoman-hurt.pl\/index.php?rest_route=%2Fwp%2Fv2%2Fmedia&parent=1789"}],"wp:term":[{"taxonomy":"product_brand","embeddable":true,"href":"https:\/\/ikawoman-hurt.pl\/index.php?rest_route=%2Fwp%2Fv2%2Fproduct_brand&post=1789"},{"taxonomy":"product_cat","embeddable":true,"href":"https:\/\/ikawoman-hurt.pl\/index.php?rest_route=%2Fwp%2Fv2%2Fproduct_cat&post=1789"},{"taxonomy":"product_tag","embeddable":true,"href":"https:\/\/ikawoman-hurt.pl\/index.php?rest_route=%2Fwp%2Fv2%2Fproduct_tag&post=1789"}],"curies":[{"name":"wp","href":"https:\/\/api.w.org\/{rel}","templated":true}]}}