{"id":1344,"date":"2026-03-27T18:48:17","date_gmt":"2026-03-27T18:48:17","guid":{"rendered":"https:\/\/ikawoman-hurt.pl\/?post_type=product&#038;p=1344"},"modified":"2026-03-31T11:40:32","modified_gmt":"2026-03-31T11:40:32","slug":"bluzka-damska-joanna-romb-pudrowy-roz","status":"publish","type":"product","link":"https:\/\/ikawoman-hurt.pl\/?product=bluzka-damska-joanna-romb-pudrowy-roz","title":{"rendered":"Bluzka damska JOANNA Romb Pudrowy r\u00f3\u017c"},"content":{"rendered":"<p style=\"text-align: center;\">Bluzka JOANNA Romby<br \/>\n&#8211; dekolt w \u0142\u00f3dk\u0119<br \/>\n&#8211; kr\u00f3tki r\u0119kaw<br \/>\n&#8211; klasyczny fason<\/p>\n<p>&nbsp;<\/p>\n<p style=\"text-align: center;\">Sk\u0142ad:<br \/>\n83% Wiskoza<br \/>\n11% Bawe\u0142na<br \/>\n6% Elastan<\/p>\n","protected":false},"excerpt":{"rendered":"<p>Bluzka JOANNA Romby &#8211; dekolt w \u0142\u00f3dk\u0119 &#8211; kr\u00f3tki r\u0119kaw &#8211; klasyczny fason &nbsp; Sk\u0142ad: 83% Wiskoza 11% Bawe\u0142na 6% Elastan<\/p>\n","protected":false},"featured_media":1347,"template":"","meta":[],"product_brand":[],"product_cat":[49,48],"product_tag":[],"class_list":{"0":"post-1344","1":"product","2":"type-product","3":"status-publish","4":"has-post-thumbnail","6":"product_cat-bluzki","7":"product_cat-wszystkie-produkty","9":"first","10":"instock","11":"shipping-taxable","12":"purchasable","13":"product-type-variable","14":"has-default-attributes"},"_links":{"self":[{"href":"https:\/\/ikawoman-hurt.pl\/index.php?rest_route=\/wp\/v2\/product\/1344","targetHints":{"allow":["GET"]}}],"collection":[{"href":"https:\/\/ikawoman-hurt.pl\/index.php?rest_route=\/wp\/v2\/product"}],"about":[{"href":"https:\/\/ikawoman-hurt.pl\/index.php?rest_route=\/wp\/v2\/types\/product"}],"wp:featuredmedia":[{"embeddable":true,"href":"https:\/\/ikawoman-hurt.pl\/index.php?rest_route=\/wp\/v2\/media\/1347"}],"wp:attachment":[{"href":"https:\/\/ikawoman-hurt.pl\/index.php?rest_route=%2Fwp%2Fv2%2Fmedia&parent=1344"}],"wp:term":[{"taxonomy":"product_brand","embeddable":true,"href":"https:\/\/ikawoman-hurt.pl\/index.php?rest_route=%2Fwp%2Fv2%2Fproduct_brand&post=1344"},{"taxonomy":"product_cat","embeddable":true,"href":"https:\/\/ikawoman-hurt.pl\/index.php?rest_route=%2Fwp%2Fv2%2Fproduct_cat&post=1344"},{"taxonomy":"product_tag","embeddable":true,"href":"https:\/\/ikawoman-hurt.pl\/index.php?rest_route=%2Fwp%2Fv2%2Fproduct_tag&post=1344"}],"curies":[{"name":"wp","href":"https:\/\/api.w.org\/{rel}","templated":true}]}}