{"id":1325,"date":"2026-03-27T18:24:01","date_gmt":"2026-03-27T18:24:01","guid":{"rendered":"https:\/\/ikawoman-hurt.pl\/?post_type=product&#038;p=1325"},"modified":"2026-03-31T12:07:39","modified_gmt":"2026-03-31T12:07:39","slug":"koszula-damska-michelle-biala","status":"publish","type":"product","link":"https:\/\/ikawoman-hurt.pl\/?product=koszula-damska-michelle-biala","title":{"rendered":"Koszula damska MICHELLE Bia\u0142a"},"content":{"rendered":"<p style=\"text-align: center;\">Koszula MICHELLE<br \/>\n&#8211; lu\u017any fason<br \/>\n&#8211; r\u0119kaw zako\u0144czony mankietem<br \/>\n&#8211; du\u017ca kiesze\u0144<\/p>\n<p>&nbsp;<\/p>\n<p style=\"text-align: center;\">Sk\u0142ad:<br \/>\n95% Bawe\u0142na<br \/>\n5% Elastan<\/p>\n","protected":false},"excerpt":{"rendered":"<p>Koszula MICHELLE &#8211; lu\u017any fason &#8211; r\u0119kaw zako\u0144czony mankietem &#8211; du\u017ca kiesze\u0144 &nbsp; Sk\u0142ad: 95% Bawe\u0142na 5% Elastan<\/p>\n","protected":false},"featured_media":1327,"template":"","meta":[],"product_brand":[],"product_cat":[58,48],"product_tag":[],"class_list":{"0":"post-1325","1":"product","2":"type-product","3":"status-publish","4":"has-post-thumbnail","6":"product_cat-koszule","7":"product_cat-wszystkie-produkty","9":"first","10":"instock","11":"shipping-taxable","12":"purchasable","13":"product-type-variable","14":"has-default-attributes"},"_links":{"self":[{"href":"https:\/\/ikawoman-hurt.pl\/index.php?rest_route=\/wp\/v2\/product\/1325","targetHints":{"allow":["GET"]}}],"collection":[{"href":"https:\/\/ikawoman-hurt.pl\/index.php?rest_route=\/wp\/v2\/product"}],"about":[{"href":"https:\/\/ikawoman-hurt.pl\/index.php?rest_route=\/wp\/v2\/types\/product"}],"wp:featuredmedia":[{"embeddable":true,"href":"https:\/\/ikawoman-hurt.pl\/index.php?rest_route=\/wp\/v2\/media\/1327"}],"wp:attachment":[{"href":"https:\/\/ikawoman-hurt.pl\/index.php?rest_route=%2Fwp%2Fv2%2Fmedia&parent=1325"}],"wp:term":[{"taxonomy":"product_brand","embeddable":true,"href":"https:\/\/ikawoman-hurt.pl\/index.php?rest_route=%2Fwp%2Fv2%2Fproduct_brand&post=1325"},{"taxonomy":"product_cat","embeddable":true,"href":"https:\/\/ikawoman-hurt.pl\/index.php?rest_route=%2Fwp%2Fv2%2Fproduct_cat&post=1325"},{"taxonomy":"product_tag","embeddable":true,"href":"https:\/\/ikawoman-hurt.pl\/index.php?rest_route=%2Fwp%2Fv2%2Fproduct_tag&post=1325"}],"curies":[{"name":"wp","href":"https:\/\/api.w.org\/{rel}","templated":true}]}}