{"id":1313,"date":"2026-03-27T18:15:10","date_gmt":"2026-03-27T18:15:10","guid":{"rendered":"https:\/\/ikawoman-hurt.pl\/?post_type=product&#038;p=1313"},"modified":"2026-03-31T12:09:58","modified_gmt":"2026-03-31T12:09:58","slug":"bluzka-damska-basic-zolta","status":"publish","type":"product","link":"https:\/\/ikawoman-hurt.pl\/?product=bluzka-damska-basic-zolta","title":{"rendered":"Bluzka damska BASIC \u017b\u00f3\u0142ta"},"content":{"rendered":"<p style=\"text-align: center;\">Bluzka BASIC<br \/>\n&#8211; dekolt w \u0142\u00f3dk\u0119<br \/>\n&#8211; kr\u00f3tki r\u0119kaw<br \/>\n&#8211; uniwersalny kr\u00f3j<br \/>\n&#8211; dost\u0119pny w wielu kolorach<\/p>\n<p style=\"text-align: center;\">Sk\u0142ad:<br \/>\n83% Wiskoza<br \/>\n11% Bawe\u0142na<br \/>\n6% Elastan<\/p>\n","protected":false},"excerpt":{"rendered":"<p>Bluzka BASIC &#8211; dekolt w \u0142\u00f3dk\u0119 &#8211; kr\u00f3tki r\u0119kaw &#8211; uniwersalny kr\u00f3j &#8211; dost\u0119pny w wielu kolorach Sk\u0142ad: 83% Wiskoza 11% Bawe\u0142na 6% Elastan<\/p>\n","protected":false},"featured_media":1314,"template":"","meta":[],"product_brand":[],"product_cat":[49,48],"product_tag":[],"class_list":{"0":"post-1313","1":"product","2":"type-product","3":"status-publish","4":"has-post-thumbnail","6":"product_cat-bluzki","7":"product_cat-wszystkie-produkty","9":"first","10":"instock","11":"shipping-taxable","12":"purchasable","13":"product-type-variable","14":"has-default-attributes"},"_links":{"self":[{"href":"https:\/\/ikawoman-hurt.pl\/index.php?rest_route=\/wp\/v2\/product\/1313","targetHints":{"allow":["GET"]}}],"collection":[{"href":"https:\/\/ikawoman-hurt.pl\/index.php?rest_route=\/wp\/v2\/product"}],"about":[{"href":"https:\/\/ikawoman-hurt.pl\/index.php?rest_route=\/wp\/v2\/types\/product"}],"wp:featuredmedia":[{"embeddable":true,"href":"https:\/\/ikawoman-hurt.pl\/index.php?rest_route=\/wp\/v2\/media\/1314"}],"wp:attachment":[{"href":"https:\/\/ikawoman-hurt.pl\/index.php?rest_route=%2Fwp%2Fv2%2Fmedia&parent=1313"}],"wp:term":[{"taxonomy":"product_brand","embeddable":true,"href":"https:\/\/ikawoman-hurt.pl\/index.php?rest_route=%2Fwp%2Fv2%2Fproduct_brand&post=1313"},{"taxonomy":"product_cat","embeddable":true,"href":"https:\/\/ikawoman-hurt.pl\/index.php?rest_route=%2Fwp%2Fv2%2Fproduct_cat&post=1313"},{"taxonomy":"product_tag","embeddable":true,"href":"https:\/\/ikawoman-hurt.pl\/index.php?rest_route=%2Fwp%2Fv2%2Fproduct_tag&post=1313"}],"curies":[{"name":"wp","href":"https:\/\/api.w.org\/{rel}","templated":true}]}}