{"id":1297,"date":"2026-03-27T17:53:20","date_gmt":"2026-03-27T17:53:20","guid":{"rendered":"https:\/\/ikawoman-hurt.pl\/?post_type=product&#038;p=1297"},"modified":"2026-03-31T12:13:20","modified_gmt":"2026-03-31T12:13:20","slug":"kombinezon-damski-lara-brazowy","status":"publish","type":"product","link":"https:\/\/ikawoman-hurt.pl\/?product=kombinezon-damski-lara-brazowy","title":{"rendered":"Kombinezon damski LARA Br\u0105zowy"},"content":{"rendered":"<p style=\"text-align: center;\">Kombinezon damski LARA<br \/>\n&#8211; w\u0119ze\u0142 w talii<br \/>\n&#8211; r\u0119kaw 3\/4<br \/>\n&#8211; szerokie nogawki<\/p>\n<p style=\"text-align: center;\">Sk\u0142ad:<br \/>\n100% Wiskoza<\/p>\n","protected":false},"excerpt":{"rendered":"<p>Kombinezon damski LARA &#8211; w\u0119ze\u0142 w talii &#8211; r\u0119kaw 3\/4 &#8211; szerokie nogawki Sk\u0142ad: 100% Wiskoza<\/p>\n","protected":false},"featured_media":1299,"template":"","meta":[],"product_brand":[],"product_cat":[51,48],"product_tag":[],"class_list":{"0":"post-1297","1":"product","2":"type-product","3":"status-publish","4":"has-post-thumbnail","6":"product_cat-kombinezony","7":"product_cat-wszystkie-produkty","9":"first","10":"instock","11":"shipping-taxable","12":"purchasable","13":"product-type-variable","14":"has-default-attributes"},"_links":{"self":[{"href":"https:\/\/ikawoman-hurt.pl\/index.php?rest_route=\/wp\/v2\/product\/1297","targetHints":{"allow":["GET"]}}],"collection":[{"href":"https:\/\/ikawoman-hurt.pl\/index.php?rest_route=\/wp\/v2\/product"}],"about":[{"href":"https:\/\/ikawoman-hurt.pl\/index.php?rest_route=\/wp\/v2\/types\/product"}],"wp:featuredmedia":[{"embeddable":true,"href":"https:\/\/ikawoman-hurt.pl\/index.php?rest_route=\/wp\/v2\/media\/1299"}],"wp:attachment":[{"href":"https:\/\/ikawoman-hurt.pl\/index.php?rest_route=%2Fwp%2Fv2%2Fmedia&parent=1297"}],"wp:term":[{"taxonomy":"product_brand","embeddable":true,"href":"https:\/\/ikawoman-hurt.pl\/index.php?rest_route=%2Fwp%2Fv2%2Fproduct_brand&post=1297"},{"taxonomy":"product_cat","embeddable":true,"href":"https:\/\/ikawoman-hurt.pl\/index.php?rest_route=%2Fwp%2Fv2%2Fproduct_cat&post=1297"},{"taxonomy":"product_tag","embeddable":true,"href":"https:\/\/ikawoman-hurt.pl\/index.php?rest_route=%2Fwp%2Fv2%2Fproduct_tag&post=1297"}],"curies":[{"name":"wp","href":"https:\/\/api.w.org\/{rel}","templated":true}]}}