{"id":1279,"date":"2026-03-27T17:19:00","date_gmt":"2026-03-27T17:19:00","guid":{"rendered":"https:\/\/ikawoman-hurt.pl\/?post_type=product&#038;p=1279"},"modified":"2026-03-31T12:15:48","modified_gmt":"2026-03-31T12:15:48","slug":"komplet-damski-aura-blekitny","status":"publish","type":"product","link":"https:\/\/ikawoman-hurt.pl\/?product=komplet-damski-aura-blekitny","title":{"rendered":"Komplet damski AURA B\u0142\u0119kitny"},"content":{"rendered":"<p style=\"text-align: center;\">Komplet AURA<br \/>\n&#8211; komplet koszuli z spodniami<br \/>\n&#8211; wi\u0105zanie w pasie<br \/>\n&#8211; spodnie na gumie w pasie<br \/>\n&#8211; spodnie o d\u0142ugo\u015bci 7\/8<br \/>\n&#8211; r\u0119kaw zako\u0144czony mankietem<\/p>\n<p style=\"text-align: center;\">Sk\u0142ad:<br \/>\n74% Wiskoza<br \/>\n18% Poliester<br \/>\n8% Elastan<\/p>\n","protected":false},"excerpt":{"rendered":"<p>Komplet AURA &#8211; komplet koszuli z spodniami &#8211; wi\u0105zanie w pasie &#8211; spodnie na gumie w pasie &#8211; spodnie o d\u0142ugo\u015bci 7\/8 &#8211; r\u0119kaw zako\u0144czony mankietem Sk\u0142ad: 74% Wiskoza 18% [&hellip;]<\/p>\n","protected":false},"featured_media":1281,"template":"","meta":[],"product_brand":[],"product_cat":[52,48],"product_tag":[],"class_list":{"0":"post-1279","1":"product","2":"type-product","3":"status-publish","4":"has-post-thumbnail","6":"product_cat-komplety","7":"product_cat-wszystkie-produkty","9":"first","10":"instock","11":"shipping-taxable","12":"purchasable","13":"product-type-variable","14":"has-default-attributes"},"_links":{"self":[{"href":"https:\/\/ikawoman-hurt.pl\/index.php?rest_route=\/wp\/v2\/product\/1279","targetHints":{"allow":["GET"]}}],"collection":[{"href":"https:\/\/ikawoman-hurt.pl\/index.php?rest_route=\/wp\/v2\/product"}],"about":[{"href":"https:\/\/ikawoman-hurt.pl\/index.php?rest_route=\/wp\/v2\/types\/product"}],"wp:featuredmedia":[{"embeddable":true,"href":"https:\/\/ikawoman-hurt.pl\/index.php?rest_route=\/wp\/v2\/media\/1281"}],"wp:attachment":[{"href":"https:\/\/ikawoman-hurt.pl\/index.php?rest_route=%2Fwp%2Fv2%2Fmedia&parent=1279"}],"wp:term":[{"taxonomy":"product_brand","embeddable":true,"href":"https:\/\/ikawoman-hurt.pl\/index.php?rest_route=%2Fwp%2Fv2%2Fproduct_brand&post=1279"},{"taxonomy":"product_cat","embeddable":true,"href":"https:\/\/ikawoman-hurt.pl\/index.php?rest_route=%2Fwp%2Fv2%2Fproduct_cat&post=1279"},{"taxonomy":"product_tag","embeddable":true,"href":"https:\/\/ikawoman-hurt.pl\/index.php?rest_route=%2Fwp%2Fv2%2Fproduct_tag&post=1279"}],"curies":[{"name":"wp","href":"https:\/\/api.w.org\/{rel}","templated":true}]}}