{"id":1187,"date":"2026-03-17T23:29:52","date_gmt":"2026-03-17T23:29:52","guid":{"rendered":"https:\/\/ikawoman-hurt.pl\/?post_type=product&#038;p=1187"},"modified":"2026-03-28T16:26:21","modified_gmt":"2026-03-28T16:26:21","slug":"off-shoulder-knit-dress-czerwona","status":"publish","type":"product","link":"https:\/\/ikawoman-hurt.pl\/?product=off-shoulder-knit-dress-czerwona","title":{"rendered":"Off-Shoulder knit dress &#8211; Czerwona"},"content":{"rendered":"\r\n<div class=\"wp-block-columns is-layout-flex wp-container-core-columns-is-layout-9d04d4f8 wp-block-columns-is-layout-flex\">\r\n<div class=\"wp-block-column is-layout-flow wp-container-core-column-is-layout-d5345a3e wp-block-column-is-layout-flow\" style=\"flex-basis: 66.66%;\">\r\n<p class=\"has-et-fse-medium-font-size\" style=\"text-transform: uppercase;\">000<\/p>\r\n<\/div>\r\n<\/div>\r\n","protected":false},"excerpt":{"rendered":"<p>Oferujemy sprzeda\u017c wy\u0142\u0105cznie hurtow\u0105. Ceny widoczne s\u0105 dopiero po REJESTRACJI i zalogowaniu w hurtowni.<\/p>\n<p>Sprawd\u017a warunki sprzeda\u017cy hurtowej.<\/p>\n","protected":false},"featured_media":1156,"template":"","meta":[],"product_brand":[],"product_cat":[50,48],"product_tag":[],"class_list":{"0":"post-1187","1":"product","2":"type-product","3":"status-publish","4":"has-post-thumbnail","6":"product_cat-bluzy","7":"product_cat-wszystkie-produkty","9":"first","10":"instock","11":"shipping-taxable","12":"purchasable","13":"product-type-variable","14":"has-default-attributes"},"_links":{"self":[{"href":"https:\/\/ikawoman-hurt.pl\/index.php?rest_route=\/wp\/v2\/product\/1187","targetHints":{"allow":["GET"]}}],"collection":[{"href":"https:\/\/ikawoman-hurt.pl\/index.php?rest_route=\/wp\/v2\/product"}],"about":[{"href":"https:\/\/ikawoman-hurt.pl\/index.php?rest_route=\/wp\/v2\/types\/product"}],"wp:featuredmedia":[{"embeddable":true,"href":"https:\/\/ikawoman-hurt.pl\/index.php?rest_route=\/wp\/v2\/media\/1156"}],"wp:attachment":[{"href":"https:\/\/ikawoman-hurt.pl\/index.php?rest_route=%2Fwp%2Fv2%2Fmedia&parent=1187"}],"wp:term":[{"taxonomy":"product_brand","embeddable":true,"href":"https:\/\/ikawoman-hurt.pl\/index.php?rest_route=%2Fwp%2Fv2%2Fproduct_brand&post=1187"},{"taxonomy":"product_cat","embeddable":true,"href":"https:\/\/ikawoman-hurt.pl\/index.php?rest_route=%2Fwp%2Fv2%2Fproduct_cat&post=1187"},{"taxonomy":"product_tag","embeddable":true,"href":"https:\/\/ikawoman-hurt.pl\/index.php?rest_route=%2Fwp%2Fv2%2Fproduct_tag&post=1187"}],"curies":[{"name":"wp","href":"https:\/\/api.w.org\/{rel}","templated":true}]}}