{"id":1501,"date":"2026-03-30T14:26:00","date_gmt":"2026-03-30T14:26:00","guid":{"rendered":"https:\/\/ikawoman-hurt.pl\/?page_id=1501"},"modified":"2026-03-30T14:45:37","modified_gmt":"2026-03-30T14:45:37","slug":"rejestracja-firmy","status":"publish","type":"page","link":"https:\/\/ikawoman-hurt.pl\/?page_id=1501","title":{"rendered":"Rejestracja firmy"},"content":{"rendered":"<div class=\"wpforms-container wpforms-container-full wpforms-block wpforms-block-3e0a684a-88dc-4a3d-a9bd-c076e41dd935\" id=\"wpforms-1505\"><form id=\"wpforms-form-1505\" class=\"wpforms-validate wpforms-form wpforms-ajax-form\" data-formid=\"1505\" method=\"post\" enctype=\"multipart\/form-data\" action=\"\/index.php?rest_route=%2Fwp%2Fv2%2Fpages%2F1501\" data-token=\"53702fc51291c632f64b120fdff5c032\" data-token-time=\"1776514599\"><noscript class=\"wpforms-error-noscript\">Aby wype\u0142ni\u0107 ten formularz, w\u0142\u0105cz obs\u0142ug\u0119 JavaScript w przegl\u0105darce.<\/noscript><div class=\"wpforms-field-container\"><div id=\"wpforms-1505-field_4-container\" class=\"wpforms-field wpforms-field-text\" data-field-id=\"4\"><label class=\"wpforms-field-label\" for=\"wpforms-1505-field_4\">Nazwa u\u017cytkownika <span class=\"wpforms-required-label\">*<\/span><\/label><input type=\"text\" id=\"wpforms-1505-field_4\" class=\"wpforms-field-medium wpforms-field-required\" name=\"wpforms[fields][4]\" required><div class=\"wpforms-field-description\">B\u0119dzie to Tw\u00f3j login do naszej hurtowni.<\/div><\/div><div id=\"wpforms-1505-field_5-container\" class=\"wpforms-field wpforms-field-text\" data-field-id=\"5\"><label class=\"wpforms-field-label\" for=\"wpforms-1505-field_5\">Has\u0142o <span class=\"wpforms-required-label\">*<\/span><\/label><input type=\"text\" id=\"wpforms-1505-field_5\" class=\"wpforms-field-medium wpforms-field-required\" name=\"wpforms[fields][5]\" required><div class=\"wpforms-field-description\">Po utworzeniu konta mo\u017cesz je zmieni\u0107.<\/div><\/div><div id=\"wpforms-1505-field_2-container\" class=\"wpforms-field wpforms-field-email\" data-field-id=\"2\"><label class=\"wpforms-field-label\" for=\"wpforms-1505-field_2\">Adres e-mail <span class=\"wpforms-required-label\">*<\/span><\/label><input type=\"email\" id=\"wpforms-1505-field_2\" class=\"wpforms-field-medium wpforms-field-required\" name=\"wpforms[fields][2]\" spellcheck=\"false\" required><\/div>\t\t<div id=\"wpforms-1505-field_3-container\"\n\t\t\tclass=\"wpforms-field wpforms-field-text\"\n\t\t\tdata-field-type=\"text\"\n\t\t\tdata-field-id=\"3\"\n\t\t\t>\n\t\t\t<label class=\"wpforms-field-label\" for=\"wpforms-1505-field_3\" >Osoba Telefon u\u017cytkownika<\/label>\n\t\t\t<input type=\"text\" id=\"wpforms-1505-field_3\" class=\"wpforms-field-medium\" name=\"wpforms[fields][3]\" >\n\t\t<\/div>\n\t\t<div id=\"wpforms-1505-field_1-container\" class=\"wpforms-field wpforms-field-name\" data-field-id=\"1\"><label class=\"wpforms-field-label\" for=\"wpforms-1505-field_1\">Osoba kontaktowa <span class=\"wpforms-required-label\">*<\/span><\/label><div class=\"wpforms-field-row wpforms-field-medium\"><div class=\"wpforms-field-row-block wpforms-first wpforms-one-half\"><input type=\"text\" id=\"wpforms-1505-field_1\" class=\"wpforms-field-name-first wpforms-field-required\" name=\"wpforms[fields][1][first]\" placeholder=\"Imi\u0119\" required><label for=\"wpforms-1505-field_1\" class=\"wpforms-field-sublabel after wpforms-sublabel-hide\">Pierwszy<\/label><\/div><div class=\"wpforms-field-row-block wpforms-one-half\"><input type=\"text\" id=\"wpforms-1505-field_1-last\" class=\"wpforms-field-name-last wpforms-field-required\" name=\"wpforms[fields][1][last]\" placeholder=\"Nazwisko\" required><label for=\"wpforms-1505-field_1-last\" class=\"wpforms-field-sublabel after wpforms-sublabel-hide\">Ostatni<\/label><\/div><\/div><\/div><div id=\"wpforms-1505-field_6-container\" class=\"wpforms-field wpforms-field-text\" data-field-id=\"6\"><label class=\"wpforms-field-label\" for=\"wpforms-1505-field_6\">Telefon <span class=\"wpforms-required-label\">*<\/span><\/label><input type=\"text\" id=\"wpforms-1505-field_6\" class=\"wpforms-field-medium wpforms-field-required\" name=\"wpforms[fields][6]\" placeholder=\"+48 123 456 789\" required><\/div><div id=\"wpforms-1505-field_7-container\" class=\"wpforms-field wpforms-field-text\" data-field-id=\"7\"><label class=\"wpforms-field-label\" for=\"wpforms-1505-field_7\">NIP <span class=\"wpforms-required-label\">*<\/span><\/label><input type=\"text\" id=\"wpforms-1505-field_7\" class=\"wpforms-field-medium wpforms-field-required\" name=\"wpforms[fields][7]\" required><\/div><div id=\"wpforms-1505-field_8-container\" class=\"wpforms-field wpforms-field-checkbox\" data-field-id=\"8\"><label class=\"wpforms-field-label\">Za\u0142o\u017cenie konta <span class=\"wpforms-required-label\">*<\/span><\/label><ul id=\"wpforms-1505-field_8\" class=\"wpforms-field-required\"><li class=\"choice-1 depth-1\"><input type=\"checkbox\" id=\"wpforms-1505-field_8_1\" name=\"wpforms[fields][8][]\" value=\"Wyra\u017cam zgod\u0119\" required ><label class=\"wpforms-field-label-inline\" for=\"wpforms-1505-field_8_1\">Wyra\u017cam zgod\u0119<\/label><\/li><\/ul><div class=\"wpforms-field-description\">Wyra\u017cam zgod\u0119 na przetwarzanie moich danych osobowych przez firm\u0119 FPH IKA z siedzib\u0105 w Poznaniu, na os. Piastowskim 103, 61-164 Pozna\u0144 podlegaj\u0105ca wpisowi do Centralnej Ewidencji Dzia\u0142alno\u015bci Gospodarczej, wpisana pod numerem NIP: 782 17 15 229, Regon: 630872590.<\/div><\/div><div id=\"wpforms-1505-field_9-container\" class=\"wpforms-field wpforms-field-checkbox\" data-field-id=\"9\"><label class=\"wpforms-field-label\">Newsletter <span class=\"wpforms-required-label\">*<\/span><\/label><ul id=\"wpforms-1505-field_9\" class=\"wpforms-field-required\"><li class=\"choice-1 depth-1\"><input type=\"checkbox\" id=\"wpforms-1505-field_9_1\" name=\"wpforms[fields][9][]\" value=\"Wyra\u017cam zgod\u0119\" required ><label class=\"wpforms-field-label-inline\" for=\"wpforms-1505-field_9_1\">Wyra\u017cam zgod\u0119<\/label><\/li><\/ul><div class=\"wpforms-field-description\">Wyra\u017cam zgod\u0119 na otrzymywanie drog\u0105 elektroniczn\u0105 na wskazany przeze mnie adres e-mail informacji handlowej w rozumieniu art. 10 ust. 1 ustawy z dnia 18 lipca 2002 roku o \u015bwiadczeniu us\u0142ug drog\u0105 elektroniczn\u0105 przez firm\u0119 FPH IKA z siedzib\u0105 w Poznaniu, na os. Piastowskim 103, 61-164 Pozna\u0144 podlegaj\u0105ca wpisowi do Centralnej Ewidencji Dzia\u0142alno\u015bci Gospodarczej, wpisana pod numerem NIP: 782 17 15 229, Regon: 630872590.\n<\/div><\/div><script>\n\t\t\t\t( function() {\n\t\t\t\t\tconst style = document.createElement( 'style' );\n\t\t\t\t\tstyle.appendChild( document.createTextNode( '#wpforms-1505-field_3-container { position: absolute !important; overflow: hidden !important; display: inline !important; height: 1px !important; width: 1px !important; z-index: -1000 !important; padding: 0 !important; } #wpforms-1505-field_3-container input { visibility: hidden; } #wpforms-conversational-form-page #wpforms-1505-field_3-container label { counter-increment: none; }' ) );\n\t\t\t\t\tdocument.head.appendChild( style );\n\t\t\t\t\tdocument.currentScript?.remove();\n\t\t\t\t} )();\n\t\t\t<\/script><\/div><!-- .wpforms-field-container --><div class=\"wpforms-submit-container\" ><input type=\"hidden\" name=\"wpforms[id]\" value=\"1505\"><input type=\"hidden\" name=\"page_title\" value=\"\"><input type=\"hidden\" name=\"page_url\" value=\"https:\/\/ikawoman-hurt.pl\/index.php?rest_route=\/wp\/v2\/pages\/1501\"><input type=\"hidden\" name=\"url_referer\" value=\"\"><button type=\"submit\" name=\"wpforms[submit]\" id=\"wpforms-submit-1505\" class=\"wpforms-submit\" data-alt-text=\"Wysy\u0142anie...\" data-submit-text=\"Zarejestruj si\u0119\" aria-live=\"assertive\" value=\"wpforms-submit\">Zarejestruj si\u0119<\/button><img loading=\"lazy\" decoding=\"async\" src=\"https:\/\/ikawoman-hurt.pl\/wp-content\/plugins\/wpforms\/assets\/images\/submit-spin.svg\" class=\"wpforms-submit-spinner\" style=\"display: none;\" width=\"26\" height=\"26\" alt=\"Wczytywanie\"><\/div><\/form><\/div>  <!-- .wpforms-container -->\n\n\n<p><\/p>\n","protected":false},"excerpt":{"rendered":"","protected":false},"author":1,"featured_media":0,"parent":0,"menu_order":0,"comment_status":"closed","ping_status":"closed","template":"","meta":{"footnotes":""},"class_list":["post-1501","page","type-page","status-publish","hentry"],"_links":{"self":[{"href":"https:\/\/ikawoman-hurt.pl\/index.php?rest_route=\/wp\/v2\/pages\/1501","targetHints":{"allow":["GET"]}}],"collection":[{"href":"https:\/\/ikawoman-hurt.pl\/index.php?rest_route=\/wp\/v2\/pages"}],"about":[{"href":"https:\/\/ikawoman-hurt.pl\/index.php?rest_route=\/wp\/v2\/types\/page"}],"author":[{"embeddable":true,"href":"https:\/\/ikawoman-hurt.pl\/index.php?rest_route=\/wp\/v2\/users\/1"}],"replies":[{"embeddable":true,"href":"https:\/\/ikawoman-hurt.pl\/index.php?rest_route=%2Fwp%2Fv2%2Fcomments&post=1501"}],"version-history":[{"count":3,"href":"https:\/\/ikawoman-hurt.pl\/index.php?rest_route=\/wp\/v2\/pages\/1501\/revisions"}],"predecessor-version":[{"id":1511,"href":"https:\/\/ikawoman-hurt.pl\/index.php?rest_route=\/wp\/v2\/pages\/1501\/revisions\/1511"}],"wp:attachment":[{"href":"https:\/\/ikawoman-hurt.pl\/index.php?rest_route=%2Fwp%2Fv2%2Fmedia&parent=1501"}],"curies":[{"name":"wp","href":"https:\/\/api.w.org\/{rel}","templated":true}]}}