{"id":1388,"date":"2021-07-22T18:22:25","date_gmt":"2021-07-22T18:22:25","guid":{"rendered":"https:\/\/demo.athemes.com\/botiga\/?page_id=257"},"modified":"2026-03-30T13:51:41","modified_gmt":"2026-03-30T13:51:41","slug":"contact-us-2","status":"publish","type":"page","link":"https:\/\/ikawoman-hurt.pl\/?page_id=1388","title":{"rendered":"Kontakt"},"content":{"rendered":"\n<div style=\"height:10px\" aria-hidden=\"true\" class=\"wp-block-spacer\"><\/div>\n\n\n\n<figure class=\"wp-block-image size-full is-resized\"><img loading=\"lazy\" decoding=\"async\" width=\"1920\" height=\"1080\" src=\"https:\/\/ikawoman-hurt.pl\/wp-content\/uploads\/2026\/03\/hero-ika-3.png\" alt=\"\" class=\"wp-image-1439\" style=\"width:1110px\" srcset=\"https:\/\/ikawoman-hurt.pl\/wp-content\/uploads\/2026\/03\/hero-ika-3.png 1920w, https:\/\/ikawoman-hurt.pl\/wp-content\/uploads\/2026\/03\/hero-ika-3-300x169.png 300w, https:\/\/ikawoman-hurt.pl\/wp-content\/uploads\/2026\/03\/hero-ika-3-1024x576.png 1024w, https:\/\/ikawoman-hurt.pl\/wp-content\/uploads\/2026\/03\/hero-ika-3-768x432.png 768w, https:\/\/ikawoman-hurt.pl\/wp-content\/uploads\/2026\/03\/hero-ika-3-1536x864.png 1536w, https:\/\/ikawoman-hurt.pl\/wp-content\/uploads\/2026\/03\/hero-ika-3-1140x641.png 1140w, https:\/\/ikawoman-hurt.pl\/wp-content\/uploads\/2026\/03\/hero-ika-3-920x518.png 920w, https:\/\/ikawoman-hurt.pl\/wp-content\/uploads\/2026\/03\/hero-ika-3-575x323.png 575w, https:\/\/ikawoman-hurt.pl\/wp-content\/uploads\/2026\/03\/hero-ika-3-380x214.png 380w, https:\/\/ikawoman-hurt.pl\/wp-content\/uploads\/2026\/03\/hero-ika-3-500x281.png 500w, https:\/\/ikawoman-hurt.pl\/wp-content\/uploads\/2026\/03\/hero-ika-3-800x450.png 800w\" sizes=\"auto, (max-width: 1920px) 100vw, 1920px\" \/><\/figure>\n\n\n\n<div style=\"height:30px\" aria-hidden=\"true\" class=\"wp-block-spacer\"><\/div>\n\n\n\n<div class=\"wp-block-columns is-layout-flex wp-container-core-columns-is-layout-28f84493 wp-block-columns-is-layout-flex\">\n<div class=\"wp-block-column is-layout-flow wp-block-column-is-layout-flow\" style=\"flex-basis:60%\">\n<h3 class=\"wp-block-heading\">Zostaw nam wiadomo\u015b\u0107<\/h3>\n\n\n\n<div style=\"height:15px\" aria-hidden=\"true\" class=\"wp-block-spacer\"><\/div>\n\n\n<div class=\"wpforms-container wpforms-container-full wpforms-block wpforms-block-3f9d0cb8-1a96-471a-9e36-1d1b19620139\" id=\"wpforms-388\"><form id=\"wpforms-form-388\" class=\"wpforms-validate wpforms-form wpforms-ajax-form\" data-formid=\"388\" method=\"post\" enctype=\"multipart\/form-data\" action=\"\/index.php?rest_route=%2Fwp%2Fv2%2Fpages%2F1388\" data-token=\"4230ee459a45a2dd504d19c98ffcdf29\" data-token-time=\"1776514618\"><noscript class=\"wpforms-error-noscript\">Aby wype\u0142ni\u0107 ten formularz, w\u0142\u0105cz obs\u0142ug\u0119 JavaScript w przegl\u0105darce.<\/noscript><div class=\"wpforms-field-container\"><div id=\"wpforms-388-field_0-container\" class=\"wpforms-field wpforms-field-name wpforms-one-half wpforms-first\" data-field-id=\"0\"><label class=\"wpforms-field-label\" for=\"wpforms-388-field_0\">Imi\u0119 i nazwisko <span class=\"wpforms-required-label\">*<\/span><\/label><input type=\"text\" id=\"wpforms-388-field_0\" class=\"wpforms-field-large wpforms-field-required\" name=\"wpforms[fields][0]\" required><\/div>\t\t<div id=\"wpforms-388-field_3-container\"\n\t\t\tclass=\"wpforms-field wpforms-field-text\"\n\t\t\tdata-field-type=\"text\"\n\t\t\tdata-field-id=\"3\"\n\t\t\t>\n\t\t\t<label class=\"wpforms-field-label\" for=\"wpforms-388-field_3\" >i Email Imi\u0119<\/label>\n\t\t\t<input type=\"text\" id=\"wpforms-388-field_3\" class=\"wpforms-field-medium\" name=\"wpforms[fields][3]\" >\n\t\t<\/div>\n\t\t<div id=\"wpforms-388-field_1-container\" class=\"wpforms-field wpforms-field-email wpforms-one-half\" data-field-id=\"1\"><label class=\"wpforms-field-label\" for=\"wpforms-388-field_1\">Email <span class=\"wpforms-required-label\">*<\/span><\/label><input type=\"email\" id=\"wpforms-388-field_1\" class=\"wpforms-field-large wpforms-field-required\" name=\"wpforms[fields][1]\" spellcheck=\"false\" required><\/div><div id=\"wpforms-388-field_2-container\" class=\"wpforms-field wpforms-field-textarea\" data-field-id=\"2\"><label class=\"wpforms-field-label\" for=\"wpforms-388-field_2\">Wiadomo\u015b\u0107 <span class=\"wpforms-required-label\">*<\/span><\/label><textarea id=\"wpforms-388-field_2\" class=\"wpforms-field-large wpforms-field-required\" name=\"wpforms[fields][2]\" required><\/textarea><\/div><script>\n\t\t\t\t( function() {\n\t\t\t\t\tconst style = document.createElement( 'style' );\n\t\t\t\t\tstyle.appendChild( document.createTextNode( '#wpforms-388-field_3-container { position: absolute !important; overflow: hidden !important; display: inline !important; height: 1px !important; width: 1px !important; z-index: -1000 !important; padding: 0 !important; } #wpforms-388-field_3-container input { visibility: hidden; } #wpforms-conversational-form-page #wpforms-388-field_3-container label { counter-increment: none; }' ) );\n\t\t\t\t\tdocument.head.appendChild( style );\n\t\t\t\t\tdocument.currentScript?.remove();\n\t\t\t\t} )();\n\t\t\t<\/script><\/div><!-- .wpforms-field-container --><div class=\"wpforms-submit-container\" ><input type=\"hidden\" name=\"wpforms[id]\" value=\"388\"><input type=\"hidden\" name=\"page_title\" value=\"\"><input type=\"hidden\" name=\"page_url\" value=\"https:\/\/ikawoman-hurt.pl\/index.php?rest_route=\/wp\/v2\/pages\/1388\"><input type=\"hidden\" name=\"url_referer\" value=\"\"><button type=\"submit\" name=\"wpforms[submit]\" id=\"wpforms-submit-388\" class=\"wpforms-submit\" data-alt-text=\"Wysy\u0142anie...\" data-submit-text=\"Wy\u015blij\" aria-live=\"assertive\" value=\"wpforms-submit\">Wy\u015blij<\/button><img loading=\"lazy\" decoding=\"async\" src=\"https:\/\/ikawoman-hurt.pl\/wp-content\/plugins\/wpforms\/assets\/images\/submit-spin.svg\" class=\"wpforms-submit-spinner\" style=\"display: none;\" width=\"26\" height=\"26\" alt=\"Wczytywanie\"><\/div><\/form><\/div>  <!-- .wpforms-container --><\/div>\n\n\n\n<div class=\"wp-block-column is-layout-flow wp-block-column-is-layout-flow\" style=\"flex-basis:5%\"><\/div>\n\n\n\n<div class=\"wp-block-column is-layout-flow wp-block-column-is-layout-flow\" style=\"flex-basis:35%\">\n<h3 class=\"wp-block-heading\">Dane kontaktowe<\/h3>\n\n\n\n<div style=\"height:15px\" aria-hidden=\"true\" class=\"wp-block-spacer\"><\/div>\n\n\n\n<p>Osiedle Piastowskie 103, 61-164 Pozna\u0144<\/p>\n\n\n\n<div style=\"height:10px\" aria-hidden=\"true\" class=\"wp-block-spacer\"><\/div>\n\n\n\n<p>W sprawie zakup\u00f3w hurtowych prosimy o kontakt telefoniczny lub mailowy.<\/p>\n\n\n\n<div style=\"height:10px\" aria-hidden=\"true\" class=\"wp-block-spacer\"><\/div>\n\n\n\n<p class=\"smallmargin has-small-font-size\"><strong>TELEFON:<\/strong><\/p>\n\n\n\n<p>+48 511 709 913<br>Kontakt telefoniczny w godzinach 8-16.<\/p>\n\n\n\n<div style=\"height:10px\" aria-hidden=\"true\" class=\"wp-block-spacer\"><\/div>\n\n\n\n<p class=\"smallmargin has-small-font-size\"><strong>E-MAIL:<\/strong><\/p>\n\n\n\n<p>sklep@ikawoman.pl<\/p>\n\n\n\n<div style=\"height:15px\" aria-hidden=\"true\" class=\"wp-block-spacer\"><\/div>\n\n\n\n<div style=\"height:1px\" aria-hidden=\"true\" class=\"wp-block-spacer\"><\/div>\n\n\n\n<h3 class=\"wp-block-heading\">Dane firmy<\/h3>\n\n\n\n<div style=\"height:15px\" aria-hidden=\"true\" class=\"wp-block-spacer\"><\/div>\n\n\n\n<p>FPH IKA z siedzib\u0105 w Poznaniu<br>os. Piastowskie 103, 61-164 Pozna\u0144 <br>NIP: 782 17 15 229, Regon: 630872590<\/p>\n<\/div>\n<\/div>\n\n\n\n<p><\/p>\n","protected":false},"excerpt":{"rendered":"<p>Zostaw nam wiadomo\u015b\u0107 Dane kontaktowe Osiedle Piastowskie 103, 61-164 Pozna\u0144 W sprawie zakup\u00f3w hurtowych prosimy o kontakt telefoniczny lub mailowy. TELEFON: +48 511 709 913Kontakt telefoniczny w godzinach 8-16. E-MAIL: [&hellip;]<\/p>\n","protected":false},"author":1,"featured_media":0,"parent":0,"menu_order":0,"comment_status":"closed","ping_status":"closed","template":"","meta":{"footnotes":""},"class_list":["post-1388","page","type-page","status-publish","hentry"],"_links":{"self":[{"href":"https:\/\/ikawoman-hurt.pl\/index.php?rest_route=\/wp\/v2\/pages\/1388","targetHints":{"allow":["GET"]}}],"collection":[{"href":"https:\/\/ikawoman-hurt.pl\/index.php?rest_route=\/wp\/v2\/pages"}],"about":[{"href":"https:\/\/ikawoman-hurt.pl\/index.php?rest_route=\/wp\/v2\/types\/page"}],"author":[{"embeddable":true,"href":"https:\/\/ikawoman-hurt.pl\/index.php?rest_route=\/wp\/v2\/users\/1"}],"replies":[{"embeddable":true,"href":"https:\/\/ikawoman-hurt.pl\/index.php?rest_route=%2Fwp%2Fv2%2Fcomments&post=1388"}],"version-history":[{"count":4,"href":"https:\/\/ikawoman-hurt.pl\/index.php?rest_route=\/wp\/v2\/pages\/1388\/revisions"}],"predecessor-version":[{"id":1479,"href":"https:\/\/ikawoman-hurt.pl\/index.php?rest_route=\/wp\/v2\/pages\/1388\/revisions\/1479"}],"wp:attachment":[{"href":"https:\/\/ikawoman-hurt.pl\/index.php?rest_route=%2Fwp%2Fv2%2Fmedia&parent=1388"}],"curies":[{"name":"wp","href":"https:\/\/api.w.org\/{rel}","templated":true}]}}