{"id":133,"date":"2025-10-02T09:06:38","date_gmt":"2025-10-02T09:06:38","guid":{"rendered":"https:\/\/xstore.8theme.com\/gutenberg\/fashion01\/?page_id=133"},"modified":"2026-03-30T14:32:02","modified_gmt":"2026-03-30T14:32:02","slug":"privacy-policy-2","status":"publish","type":"page","link":"https:\/\/ikawoman-hurt.pl\/?page_id=133","title":{"rendered":"Polityka prywatno\u015bci"},"content":{"rendered":"\n<p>Niniejsza Polityka prywatno\u015bci opisuje, w jaki spos\u00f3b dane osobowe s\u0105 zbierane, wykorzystywane i udost\u0119pniane podczas wizyty lub zakupu na stronie www.ikawoman.pl (&#8220;Strona&#8221;).<\/p>\n\n\n\n<p><strong>INFORMACJE O GROMADZENIU DANYCH<\/strong><\/p>\n\n\n\n<p>Podczas odwiedzania Strony automatycznie gromadzimy pewne informacje na temat urz\u0105dzenia, w tym informacje o przegl\u0105darce internetowej, adresie IP, strefie czasowej i niekt\u00f3rych plikach cookie zainstalowanych na urz\u0105dzeniu. Dodatkowo, podczas przegl\u0105dania Strony, zbieramy informacje o poszczeg\u00f3lnych stronach internetowych lub produktach, kt\u00f3re przegl\u0105dasz, jakie witryny lub wyszukiwane has\u0142a odsy\u0142aj\u0105 Ci\u0119 do Witryny oraz informacje o tym, jak wchodzisz w interakcj\u0119 ze Stron\u0105. Informacje te s\u0105 automatycznie zbierane jako &#8220;Informacje o urz\u0105dzeniu&#8221;.<\/p>\n\n\n\n<p>&nbsp;Zbieramy informacje o urz\u0105dzeniu przy u\u017cyciu nast\u0119puj\u0105cych technologii:<\/p>\n\n\n\n<ul class=\"wp-block-list\">\n<li>\u00a0&#8220;Pliki cookie&#8221; to pliki danych umieszczane na urz\u0105dzeniu lub komputerze i cz\u0119sto zawieraj\u0105 anonimowy unikatowy identyfikator. Wi\u0119cej informacji na temat plik\u00f3w cookie i sposobu wy\u0142\u0105czania plik\u00f3w cookie mo\u017cna znale\u017a\u0107 na stronie\u00a0<a href=\"http:\/\/www.allaboutcookies.org,\/\">http:\/\/www.allaboutcookies.org,<br><\/a><\/li>\n\n\n\n<li>\u00a0&#8220;Pliki log\u00f3w&#8221; \u015bledz\u0105 akcje wyst\u0119puj\u0105ce w Witrynie i zbieraj\u0105 dane, w tym adres IP, typ przegl\u0105darki, dostawc\u0119 us\u0142ug internetowych, strony odsy\u0142aj\u0105ce \/ wyj\u015bciowe oraz znaczniki daty \/ czasu,<br><\/li>\n\n\n\n<li>&#8220;Sygna\u0142y nawigacyjne&#8221;, &#8220;tagi&#8221; i &#8220;piksele&#8221; to pliki elektroniczne wykorzystywane do rejestrowania informacji o sposobie przegl\u0105dania witryny.<\/li>\n<\/ul>\n\n\n\n<p>Dodatkowo, gdy dokonujesz zakupu lub pr\u00f3bujesz dokona\u0107 zakupu za po\u015brednictwem Witryny, zbieramy od Ciebie okre\u015blone informacje, w tym Twoje imi\u0119 i nazwisko, adres rozliczeniowy, adres wysy\u0142ki, dane dotycz\u0105ce p\u0142atno\u015bci (w tym numery kart kredytowych), adres e-mail i numer telefonu. Informacje te nazywamy &#8220;Informacje o zam\u00f3wieniu&#8221;.<\/p>\n\n\n\n<p>Kiedy m\u00f3wimy o &#8220;Danych osobowych&#8221; w niniejszej Polityce Prywatno\u015bci, m\u00f3wimy zar\u00f3wno o Informacji o urz\u0105dzeniu, jak i o Zam\u00f3wieniach.<\/p>\n\n\n\n<p><strong>W JAKI SPOS\u00d3B WYKORZYSTUJEMY&nbsp;TWOJE OSOBISTE INFORMACJE?<\/strong><\/p>\n\n\n\n<p>Korzystamy z Informacji o Zam\u00f3wieniach, kt\u00f3re zbieramy na og\u00f3\u0142 w celu realizacji zam\u00f3wie\u0144 z\u0142o\u017conych za po\u015brednictwem Witryny (w tym przetwarzania informacji o p\u0142atno\u015bciach, organizowania wysy\u0142ki oraz dostarczania faktur i \/ lub potwierdze\u0144 zam\u00f3wie\u0144). Dodatkowo wykorzystujemy te informacje o zam\u00f3wieniach do:<\/p>\n\n\n\n<ul class=\"wp-block-list\">\n<li>komunikowa\u0107 si\u0119 z Tob\u0105,<\/li>\n\n\n\n<li>analizy zam\u00f3wienia pod k\u0105tem potencjalnego ryzyka lub oszustwa,<\/li>\n\n\n\n<li>je\u015bli zgadzasz si\u0119 z preferencjami, kt\u00f3re nam udost\u0119pni\u0142e\u015b, dostarczania informacji lub reklam zwi\u0105zanych z naszymi produktami lub us\u0142ugami.<\/li>\n<\/ul>\n\n\n\n<p>Korzystamy ze zbieranych przez nas informacji o urz\u0105dzeniu, aby pom\u00f3c nam w monitorowaniu potencjalnego ryzyka i oszustw (w szczeg\u00f3lno\u015bci adresu IP), a tak\u017ce w celu poprawy i optymalizacji naszej witryny (na przyk\u0142ad poprzez generowanie analiz dotycz\u0105cych sposobu, w jaki nasi klienci przegl\u0105daj\u0105 i wchodz\u0105 w interakcj\u0119 z Witryn\u0105 oraz do oceny powodzenia naszych kampanii marketingowych i reklamowych).<\/p>\n\n\n\n<p><strong>UDOST\u0118PNIANIE&nbsp;TWOICH OSOBISTYCH INFORMACJI<\/strong><\/p>\n\n\n\n<p>Udost\u0119pniamy dane osobowe innym podmiotom, aby pom\u00f3c nam w korzystaniu z danych osobowych, zgodnie z powy\u017cszym opisem. U\u017cywamy systemu Shopify do obs\u0142ugi sklepu internetowego. U\u017cywamy r\u00f3wnie\u017c Google Analytics, aby pom\u00f3c nam zrozumie\u0107, w jaki spos\u00f3b nasi klienci korzystaj\u0105 z Witryny &#8211; mo\u017cesz przeczyta\u0107 wi\u0119cej o tym, jak Google wykorzystuje Twoje dane osobowe tutaj:&nbsp;<a href=\"https:\/\/www.google.com\/intl\/pl\/policies\/privacy\/\">https:\/\/www.google.com\/intl\/pl\/policies\/privacy\/<\/a>&nbsp;. Mo\u017cesz te\u017c zrezygnowa\u0107 z Google Analytics tutaj:&nbsp;<a href=\"https:\/\/tools.google.com\/dlpage\/gaoptout\">https:\/\/tools.google.com\/dlpage\/gaoptout<\/a>&nbsp;.<\/p>\n\n\n\n<p>Na koniec mo\u017cemy r\u00f3wnie\u017c udost\u0119pnia\u0107 dane osobowe U\u017cytkownika, aby zachowa\u0107 zgodno\u015b\u0107 z obowi\u0105zuj\u0105cymi przepisami i regulacjami, w odpowiedzi na wezwanie do s\u0105du, nakaz przeszukania lub inny zgodny z prawem wniosek o otrzymane informacje lub w inny spos\u00f3b chroni\u0105c nasze prawa.<\/p>\n\n\n\n<p><strong>REKLAMA BEHAWIORALNA<\/strong><\/p>\n\n\n\n<p>Jak opisano powy\u017cej, u\u017cywamy Twoich danych osobowych w celu dostarczania ukierunkowanych reklam lub komunikacji marketingowej, kt\u00f3re naszym zdaniem mog\u0105 Ci\u0119 zainteresowa\u0107. Aby uzyska\u0107 wi\u0119cej informacji o tym, jak dzia\u0142aj\u0105 reklamy kierowane, mo\u017cesz odwiedzi\u0107 stron\u0119 edukacyjn\u0105 Network Advertising Initiative (&#8220;NAI&#8221;) pod adresem&nbsp;<a href=\"http:\/\/www.networkadvertising.org\/understanding-online-advertising\/how-does-it-work\">http:\/\/www.networkadvertising.org\/understanding-online-advertising\/how-does-it-work<\/a>.<\/p>\n\n\n\n<p>Ponadto mo\u017cesz zrezygnowa\u0107 z niekt\u00f3rych z tych us\u0142ug, odwiedzaj\u0105c portal rezygnacji Digital Advertising Alliance pod adresem:&nbsp;<a href=\"http:\/\/optout.aboutads.info\/\">http:\/\/optout.aboutads.info\/<\/a>.<\/p>\n\n\n\n<p><strong>NIE \u015aLEDZI\u0106<\/strong><\/p>\n\n\n\n<p>Nale\u017cy pami\u0119ta\u0107, \u017ce nie zmieniamy praktyk gromadzenia danych i korzystania z Witryny, gdy widzimy sygna\u0142 Do Not Track z przegl\u0105darki.<\/p>\n\n\n\n<p><strong>TWOJE PRAWA<\/strong><\/p>\n\n\n\n<p>Je\u015bli jeste\u015b mieszka\u0144cem Europy, masz prawo do dost\u0119pu do swoich danych osobowych, kt\u00f3re posiadamy, oraz do \u017c\u0105dania poprawiania, aktualizacji lub usuwania Twoich danych osobowych. Je\u015bli chcesz skorzysta\u0107 z tego prawa, skontaktuj si\u0119 z nami, korzystaj\u0105c z informacji kontaktowych poni\u017cej.<\/p>\n\n\n\n<p>Dodatkowo, je\u015bli jeste\u015b mieszka\u0144cem Europy, zauwa\u017camy, \u017ce przetwarzamy Twoje dane w celu realizacji um\u00f3w, kt\u00f3re mo\u017cemy mie\u0107 z Tob\u0105 (na przyk\u0142ad, je\u015bli sk\u0142adasz zam\u00f3wienie za po\u015brednictwem Witryny) lub w inny spos\u00f3b, aby realizowa\u0107 nasze uzasadnione interesy wymienione powy\u017cej. Ponadto pami\u0119taj, \u017ce Twoje informacje zostan\u0105 przes\u0142ane poza Europ\u0119, w tym do Kanady i Stan\u00f3w Zjednoczonych.<\/p>\n\n\n\n<p><strong>PRZECHOWYWANIE DANYCH<\/strong><\/p>\n\n\n\n<p>Kiedy sk\u0142adasz zam\u00f3wienie za po\u015brednictwem Witryny, zachowamy Twoje Informacje o Zam\u00f3wieniu dla naszych zapis\u00f3w, chyba \u017ce poprosisz nas o usuni\u0119cie tych informacji.<\/p>\n\n\n\n<p><strong>ZMIANY<\/strong><\/p>\n\n\n\n<p>Od czasu do czasu mo\u017cemy aktualizowa\u0107 niniejsz\u0105 polityk\u0119 prywatno\u015bci, aby odzwierciedli\u0107 na przyk\u0142ad zmiany naszych praktyk lub inne przyczyny operacyjne, prawne lub regulacyjne.<\/p>\n\n\n\n<p><strong>SKONTAKTUJ SI\u0118 Z NAMI<\/strong><\/p>\n\n\n\n<p>Aby uzyska\u0107 wi\u0119cej informacji na temat naszych praktyk ochrony prywatno\u015bci, je\u015bli masz pytania lub chcesz z\u0142o\u017cy\u0107 skarg\u0119, skontaktuj si\u0119 z nami przez e-mail na adres&nbsp;sklep@ikawoman.pl&nbsp;lub poczt\u0105, korzystaj\u0105c z danych podanych poni\u017cej:<\/p>\n\n\n\n<p>Os. Piastowskie 103, 61-164 Pozna\u0144<\/p>\n\n\n\n<h2 class=\"wp-block-heading\"><br><br>POLITYKA&nbsp;COOKIES<\/h2>\n\n\n\n<ol class=\"wp-block-list\">\n<li>Niniejsza Polityka Cookies dotyczy serwisu internetowego www.ikawoman.pl administrowanego przez FPH IKA Pozna\u0144, os. Piastowskie 103, NIP 782 17 15 229, REGON 630872590.<br><\/li>\n\n\n\n<li>Podczas odwiedzin przez U\u017cytkownika serwisu\u00a0www.ikawoman.pl, system serwisu wysy\u0142a do komputera U\u017cytkownika co najmniej jeden plik Cookie, w celu jednoznacznego zidentyfikowania przegl\u0105darki.<br><\/li>\n\n\n\n<li>Serwer serwisu automatycznie rejestruje informacje przesy\u0142ane przez przegl\u0105dark\u0119 U\u017cytkownika w czasie wy\u015bwietlania witryn. Dzienniki serwera mog\u0105 zawiera\u0107 informacje takie jak \u017c\u0105danie sieciowe, adres IP, typ i j\u0119zyk przegl\u0105darki, data i godzina przes\u0142ania \u017c\u0105dania. Te informacje pozwalaj\u0105 podnosi\u0107 jako\u015b\u0107 naszych us\u0142ug dzi\u0119ki identyfikowaniu i przechowywaniu preferencji U\u017cytkownik\u00f3w oraz \u015bledzeniu trend\u00f3w, takich jak na przyk\u0142ad sposoby, w jakich przeszukiwana jest nasza strona.<br><\/li>\n\n\n\n<li>Serwis wykorzystuje pliki Cookies w celu:\n<ul class=\"wp-block-list\">\n<li>zapami\u0119tania zalogowania,<\/li>\n\n\n\n<li>zapami\u0119tania zawarto\u015bci koszyka U\u017cytkownika,<\/li>\n\n\n\n<li>zapami\u0119tania preferencji wy\u015bwietlania Serwisu,<\/li>\n\n\n\n<li>tworzenia statystyk i raport\u00f3w ogl\u0105dalno\u015bci funkcjonowania Serwisu.<br><\/li>\n<\/ul>\n<\/li>\n\n\n\n<li>U\u017cytkownik mo\u017ce zabroni\u0107 odbierania plik\u00f3w cookies, przez co pozostanie anonimowy, aczkolwiek nie zezwalaj\u0105c na rejestracj\u0119 plik\u00f3w cookies, serwis\u00a0www.ikawoman.pl\u00a0nie b\u0119dzie m\u00f3g\u0142 zidentyfikowa\u0107 U\u017cytkownika ani jego preferencji.<br><\/li>\n\n\n\n<li>W celu skonfigurowania opcji swojego urz\u0105dzenia w zakresie wyra\u017cenia zgody na zapisywanie plik\u00f3w cookies oraz okre\u015blenia zakresu zapisywanych cookies, U\u017cytkownik mo\u017ce dokona\u0107 zmian ustawienia wykorzystywanej przegl\u0105darki internetowej.<br><\/li>\n\n\n\n<li>Serwis iwww.ikawoman.pl\u00a0informuje, \u017ce niedokonanie przez U\u017cytkownika zmiany ustawie\u0144 w zakresie cookies oznacza, \u017ce b\u0119d\u0105 one zamieszczone w urz\u0105dzeniu ko\u0144cowym U\u017cytkownika. W takim przypadku Serwis mo\u017ce przechowywa\u0107 informacje w urz\u0105dzeniu ko\u0144cowym U\u017cytkownika i uzyskiwa\u0107 dost\u0119p do tych informacji.<br><\/li>\n\n\n\n<li>Informacje na temat zarz\u0105dzania plikami Cookies w poszczeg\u00f3lnych przegl\u0105darkach mo\u017cna znale\u017a\u0107 na stronach dedykowanych poszczeg\u00f3lnym przegl\u0105darkom:\n<ul class=\"wp-block-list\">\n<li>Firefox:\u00a0<a href=\"http:\/\/support.mozilla.org\/pl\/kb\/ciasteczka\">http:\/\/support.mozilla.org\/pl\/kb\/ciasteczka<\/a><\/li>\n\n\n\n<li>Internet Explorer:\u00a0<a href=\"http:\/\/support.microsoft.com\/kb\/196955\/pl\">http:\/\/support.microsoft.com\/kb\/196955\/pl<\/a><\/li>\n\n\n\n<li>Chrome:\u00a0<a href=\"http:\/\/support.google.com\/chrome\/bin\/answer.py?hl=pl&amp;answer=95647\">http:\/\/support.google.com\/chrome\/bin\/answer.py?hl=pl&amp;answer=95647<\/a><\/li>\n\n\n\n<li>Opera:\u00a0<a href=\"http:\/\/help.opera.com\/Linux\/12.10\/pl\/cookies.html\">http:\/\/help.opera.com\/Linux\/12.10\/pl\/cookies.html<\/a><\/li>\n\n\n\n<li>Safari:\u00a0<a href=\"http:\/\/support.apple.com\/kb\/HT1677?viewlocale=pl_PL&amp;locale=pl_PL\">http:\/\/support.apple.com\/kb\/HT1677?viewlocale=pl_PL&amp;locale=pl_PL<br><\/a><\/li>\n<\/ul>\n<\/li>\n\n\n\n<li>W ramach serwisu\u00a0www.ikawoman.pl\u00a0wykorzystywane s\u0105 nast\u0119puj\u0105ce rodzaje plik\u00f3w cookies:\n<ul class=\"wp-block-list\">\n<li>pliki cookies przechowuj\u0105ce identyfikator sesji w celu\/niezb\u0119dny do \u00a0przechowania informacji o logowaniu, uzupe\u0142nianiu formularza<\/li>\n\n\n\n<li>count w celu\/niezb\u0119dny do rejestracji ilo\u015bci odwiedzin na stronie<\/li>\n\n\n\n<li>NID, PRIEF \u2013 Google Maps, pliki cookie dostarczaj\u0105ce interaktywne rozwi\u0105zania w zakresie map, kt\u00f3re umo\u017cliwi\u0105 podmiotom publikuj\u0105cym tre\u015bci na do\u0142\u0105czenie do ich stron dopasowanych do sytuacji interaktywnych map.<\/li>\n<\/ul>\n<\/li>\n<\/ol>\n","protected":false},"excerpt":{"rendered":"<p>Niniejsza Polityka prywatno\u015bci opisuje, w jaki spos\u00f3b dane osobowe s\u0105 zbierane, wykorzystywane i udost\u0119pniane podczas wizyty lub zakupu na stronie www.ikawoman.pl (&#8220;Strona&#8221;). INFORMACJE O GROMADZENIU DANYCH Podczas odwiedzania Strony automatycznie [&hellip;]<\/p>\n","protected":false},"author":1,"featured_media":0,"parent":0,"menu_order":0,"comment_status":"closed","ping_status":"closed","template":"","meta":{"footnotes":""},"class_list":["post-133","page","type-page","status-publish","hentry"],"_links":{"self":[{"href":"https:\/\/ikawoman-hurt.pl\/index.php?rest_route=\/wp\/v2\/pages\/133","targetHints":{"allow":["GET"]}}],"collection":[{"href":"https:\/\/ikawoman-hurt.pl\/index.php?rest_route=\/wp\/v2\/pages"}],"about":[{"href":"https:\/\/ikawoman-hurt.pl\/index.php?rest_route=\/wp\/v2\/types\/page"}],"author":[{"embeddable":true,"href":"https:\/\/ikawoman-hurt.pl\/index.php?rest_route=\/wp\/v2\/users\/1"}],"replies":[{"embeddable":true,"href":"https:\/\/ikawoman-hurt.pl\/index.php?rest_route=%2Fwp%2Fv2%2Fcomments&post=133"}],"version-history":[{"count":1,"href":"https:\/\/ikawoman-hurt.pl\/index.php?rest_route=\/wp\/v2\/pages\/133\/revisions"}],"predecessor-version":[{"id":1504,"href":"https:\/\/ikawoman-hurt.pl\/index.php?rest_route=\/wp\/v2\/pages\/133\/revisions\/1504"}],"wp:attachment":[{"href":"https:\/\/ikawoman-hurt.pl\/index.php?rest_route=%2Fwp%2Fv2%2Fmedia&parent=133"}],"curies":[{"name":"wp","href":"https:\/\/api.w.org\/{rel}","templated":true}]}}